{"id":1313,"date":"2025-04-23T15:06:58","date_gmt":"2025-04-23T13:06:58","guid":{"rendered":"https:\/\/faircom-industry.com\/leistungen\/"},"modified":"2025-07-07T01:06:05","modified_gmt":"2025-07-06T23:06:05","slug":"leistungen","status":"publish","type":"page","link":"https:\/\/faircom-industry.com\/zh-hans\/leistungen\/","title":{"rendered":"\u670d\u52a1"},"content":{"rendered":"\n<div class=\"wp-block-cover alignfull has-custom-content-position is-position-bottom-left\" style=\"margin-top:0;margin-bottom:0;min-height:889px;aspect-ratio:unset;\"><img loading=\"lazy\" decoding=\"async\" width=\"1024\" height=\"393\" class=\"wp-block-cover__image-background wp-image-644 size-large\" alt=\"\" src=\"https:\/\/faircom-industry.com\/app\/uploads\/2025\/06\/faircom-industry-leistungen-1024x393.jpg\" data-object-fit=\"cover\" srcset=\"https:\/\/faircom-industry.com\/app\/uploads\/2025\/06\/faircom-industry-leistungen-1024x393.jpg 1024w, https:\/\/faircom-industry.com\/app\/uploads\/2025\/06\/faircom-industry-leistungen-500x192.jpg 500w, https:\/\/faircom-industry.com\/app\/uploads\/2025\/06\/faircom-industry-leistungen-768x295.jpg 768w, https:\/\/faircom-industry.com\/app\/uploads\/2025\/06\/faircom-industry-leistungen-1536x590.jpg 1536w, https:\/\/faircom-industry.com\/app\/uploads\/2025\/06\/faircom-industry-leistungen.jpg 1728w\" sizes=\"auto, (max-width: 1024px) 100vw, 1024px\" \/><span aria-hidden=\"true\" class=\"wp-block-cover__background has-background-dim-100 has-background-dim wp-block-cover__gradient-background has-background-gradient has-combined-cover-gradient-gradient-background\"><\/span><div class=\"wp-block-cover__inner-container is-layout-constrained wp-block-cover-is-layout-constrained\">\n<h1 class=\"wp-block-heading has-text-align-left h1\">Faircom \u2013 Ihr Partner f\u00fcr smarte Industrieprozesse.<\/h1>\n\n\n\n<p class=\"has-text-align-left\">Mit zusammen \u00fcber 50 Jahren interkultureller Projektmanagementexpertise baut Faircom auf die Kombination aus fundierten Konzepten und ma\u00dfgeschneiderten L\u00f6sungsans\u00e4tzen. Basierend auf der Erfahrung aus entsprechenden nationalen und internationalen Projekten verstehen wir uns als Partner und Experte f\u00fcr die Realisierung ihrer anspruchsvollen Projekte.&nbsp;<\/p>\n<\/div><\/div>\n","protected":false},"excerpt":{"rendered":"","protected":false},"author":2,"featured_media":0,"parent":0,"menu_order":0,"comment_status":"closed","ping_status":"closed","template":"","meta":{"full_name":"","position":"","footnotes":""},"class_list":["post-1313","page","type-page","status-publish","hentry"],"yoast_head":"<!-- This site is optimized with the Yoast SEO plugin v25.8 - https:\/\/yoast.com\/wordpress\/plugins\/seo\/ -->\n<title>\u670d\u52a1 - Faircom Industry Solutions GmbH<\/title>\n<meta name=\"robots\" content=\"index, follow, max-snippet:-1, max-image-preview:large, max-video-preview:-1\" \/>\n<link rel=\"canonical\" href=\"https:\/\/faircom-industry.com\/zh-hans\/leistungen\/\" \/>\n<meta property=\"og:locale\" content=\"zh_CN\" \/>\n<meta property=\"og:type\" content=\"article\" \/>\n<meta property=\"og:title\" content=\"\u670d\u52a1 - Faircom Industry Solutions GmbH\" \/>\n<meta property=\"og:url\" content=\"https:\/\/faircom-industry.com\/zh-hans\/leistungen\/\" \/>\n<meta property=\"og:site_name\" content=\"Faircom Industry Solutions GmbH\" \/>\n<meta property=\"article:modified_time\" content=\"2025-07-06T23:06:05+00:00\" \/>\n<meta property=\"og:image\" content=\"https:\/\/faircom-industry.com\/app\/uploads\/2025\/06\/faircom-industry-leistungen.jpg\" \/>\n\t<meta property=\"og:image:width\" content=\"1728\" \/>\n\t<meta property=\"og:image:height\" content=\"664\" \/>\n\t<meta property=\"og:image:type\" content=\"image\/jpeg\" \/>\n<meta name=\"twitter:card\" content=\"summary_large_image\" \/>\n<meta name=\"twitter:label1\" content=\"Est. reading time\" \/>\n\t<meta name=\"twitter:data1\" content=\"1 minute\" \/>\n<script type=\"application\/ld+json\" class=\"yoast-schema-graph\">{\"@context\":\"https:\/\/schema.org\",\"@graph\":[{\"@type\":\"WebPage\",\"@id\":\"https:\/\/faircom-industry.com\/zh-hans\/leistungen\/\",\"url\":\"https:\/\/faircom-industry.com\/zh-hans\/leistungen\/\",\"name\":\"\u670d\u52a1 - Faircom Industry Solutions GmbH\",\"isPartOf\":{\"@id\":\"https:\/\/faircom-industry.com\/#website\"},\"primaryImageOfPage\":{\"@id\":\"https:\/\/faircom-industry.com\/zh-hans\/leistungen\/#primaryimage\"},\"image\":{\"@id\":\"https:\/\/faircom-industry.com\/zh-hans\/leistungen\/#primaryimage\"},\"thumbnailUrl\":\"https:\/\/faircom-industry.com\/app\/uploads\/2025\/06\/faircom-industry-leistungen-1024x393.jpg\",\"datePublished\":\"2025-04-23T13:06:58+00:00\",\"dateModified\":\"2025-07-06T23:06:05+00:00\",\"breadcrumb\":{\"@id\":\"https:\/\/faircom-industry.com\/zh-hans\/leistungen\/#breadcrumb\"},\"inLanguage\":\"zh-CN\",\"potentialAction\":[{\"@type\":\"ReadAction\",\"target\":[\"https:\/\/faircom-industry.com\/zh-hans\/leistungen\/\"]}]},{\"@type\":\"ImageObject\",\"inLanguage\":\"zh-CN\",\"@id\":\"https:\/\/faircom-industry.com\/zh-hans\/leistungen\/#primaryimage\",\"url\":\"https:\/\/faircom-industry.com\/app\/uploads\/2025\/06\/faircom-industry-leistungen-1024x393.jpg\",\"contentUrl\":\"https:\/\/faircom-industry.com\/app\/uploads\/2025\/06\/faircom-industry-leistungen-1024x393.jpg\"},{\"@type\":\"BreadcrumbList\",\"@id\":\"https:\/\/faircom-industry.com\/zh-hans\/leistungen\/#breadcrumb\",\"itemListElement\":[{\"@type\":\"ListItem\",\"position\":1,\"name\":\"Startseite\",\"item\":\"https:\/\/faircom-industry.com\/zh-hans\/\"},{\"@type\":\"ListItem\",\"position\":2,\"name\":\"\u670d\u52a1\"}]},{\"@type\":\"WebSite\",\"@id\":\"https:\/\/faircom-industry.com\/#website\",\"url\":\"https:\/\/faircom-industry.com\/\",\"name\":\"Faircom Industry Solutions GmbH\",\"description\":\"\",\"potentialAction\":[{\"@type\":\"SearchAction\",\"target\":{\"@type\":\"EntryPoint\",\"urlTemplate\":\"https:\/\/faircom-industry.com\/?s={search_term_string}\"},\"query-input\":{\"@type\":\"PropertyValueSpecification\",\"valueRequired\":true,\"valueName\":\"search_term_string\"}}],\"inLanguage\":\"zh-CN\"}]}<\/script>\n<!-- \/ Yoast SEO plugin. -->","yoast_head_json":{"title":"\u670d\u52a1 - Faircom Industry Solutions GmbH","robots":{"index":"index","follow":"follow","max-snippet":"max-snippet:-1","max-image-preview":"max-image-preview:large","max-video-preview":"max-video-preview:-1"},"canonical":"https:\/\/faircom-industry.com\/zh-hans\/leistungen\/","og_locale":"zh_CN","og_type":"article","og_title":"\u670d\u52a1 - Faircom Industry Solutions GmbH","og_url":"https:\/\/faircom-industry.com\/zh-hans\/leistungen\/","og_site_name":"Faircom Industry Solutions GmbH","article_modified_time":"2025-07-06T23:06:05+00:00","og_image":[{"width":1728,"height":664,"url":"https:\/\/faircom-industry.com\/app\/uploads\/2025\/06\/faircom-industry-leistungen.jpg","type":"image\/jpeg"}],"twitter_card":"summary_large_image","twitter_misc":{"Est. reading time":"1 minute"},"schema":{"@context":"https:\/\/schema.org","@graph":[{"@type":"WebPage","@id":"https:\/\/faircom-industry.com\/zh-hans\/leistungen\/","url":"https:\/\/faircom-industry.com\/zh-hans\/leistungen\/","name":"\u670d\u52a1 - Faircom Industry Solutions GmbH","isPartOf":{"@id":"https:\/\/faircom-industry.com\/#website"},"primaryImageOfPage":{"@id":"https:\/\/faircom-industry.com\/zh-hans\/leistungen\/#primaryimage"},"image":{"@id":"https:\/\/faircom-industry.com\/zh-hans\/leistungen\/#primaryimage"},"thumbnailUrl":"https:\/\/faircom-industry.com\/app\/uploads\/2025\/06\/faircom-industry-leistungen-1024x393.jpg","datePublished":"2025-04-23T13:06:58+00:00","dateModified":"2025-07-06T23:06:05+00:00","breadcrumb":{"@id":"https:\/\/faircom-industry.com\/zh-hans\/leistungen\/#breadcrumb"},"inLanguage":"zh-CN","potentialAction":[{"@type":"ReadAction","target":["https:\/\/faircom-industry.com\/zh-hans\/leistungen\/"]}]},{"@type":"ImageObject","inLanguage":"zh-CN","@id":"https:\/\/faircom-industry.com\/zh-hans\/leistungen\/#primaryimage","url":"https:\/\/faircom-industry.com\/app\/uploads\/2025\/06\/faircom-industry-leistungen-1024x393.jpg","contentUrl":"https:\/\/faircom-industry.com\/app\/uploads\/2025\/06\/faircom-industry-leistungen-1024x393.jpg"},{"@type":"BreadcrumbList","@id":"https:\/\/faircom-industry.com\/zh-hans\/leistungen\/#breadcrumb","itemListElement":[{"@type":"ListItem","position":1,"name":"Startseite","item":"https:\/\/faircom-industry.com\/zh-hans\/"},{"@type":"ListItem","position":2,"name":"\u670d\u52a1"}]},{"@type":"WebSite","@id":"https:\/\/faircom-industry.com\/#website","url":"https:\/\/faircom-industry.com\/","name":"Faircom Industry Solutions GmbH","description":"","potentialAction":[{"@type":"SearchAction","target":{"@type":"EntryPoint","urlTemplate":"https:\/\/faircom-industry.com\/?s={search_term_string}"},"query-input":{"@type":"PropertyValueSpecification","valueRequired":true,"valueName":"search_term_string"}}],"inLanguage":"zh-CN"}]}},"_links":{"self":[{"href":"https:\/\/faircom-industry.com\/zh-hans\/wp-json\/wp\/v2\/pages\/1313","targetHints":{"allow":["GET"]}}],"collection":[{"href":"https:\/\/faircom-industry.com\/zh-hans\/wp-json\/wp\/v2\/pages"}],"about":[{"href":"https:\/\/faircom-industry.com\/zh-hans\/wp-json\/wp\/v2\/types\/page"}],"author":[{"embeddable":true,"href":"https:\/\/faircom-industry.com\/zh-hans\/wp-json\/wp\/v2\/users\/2"}],"replies":[{"embeddable":true,"href":"https:\/\/faircom-industry.com\/zh-hans\/wp-json\/wp\/v2\/comments?post=1313"}],"version-history":[{"count":1,"href":"https:\/\/faircom-industry.com\/zh-hans\/wp-json\/wp\/v2\/pages\/1313\/revisions"}],"predecessor-version":[{"id":1532,"href":"https:\/\/faircom-industry.com\/zh-hans\/wp-json\/wp\/v2\/pages\/1313\/revisions\/1532"}],"wp:attachment":[{"href":"https:\/\/faircom-industry.com\/zh-hans\/wp-json\/wp\/v2\/media?parent=1313"}],"curies":[{"name":"wp","href":"https:\/\/api.w.org\/{rel}","templated":true}]}}